{"id":3818,"date":"2017-05-10T08:52:23","date_gmt":"2017-05-10T08:52:23","guid":{"rendered":"http:\/\/brandexponents.com\/oshin\/v28\/?page_id=4"},"modified":"2026-05-02T16:53:03","modified_gmt":"2026-05-02T16:53:03","slug":"actual","status":"publish","type":"page","link":"https:\/\/hundefreunde-nwm.de\/","title":{"rendered":"Startseite"},"content":{"rendered":"<div  class=\"tatsu-rkZ5L8yJWR tatsu-section  tatsu-bg-overlay   tatsu-clearfix\" data-title=\"\"  data-headerscheme=\"background--dark\"><div class='tatsu-section-pad clearfix' data-padding='{\"d\":\"0px 0px 0px 0px\",\"m\":\"0px 0px 90px 0px\"}' data-padding-top='0px'><\/div><div class=\"tatsu-section-background-wrap\"><div class = \"tatsu-section-background\" ><\/div><\/div><div class=\"tatsu-overlay tatsu-section-overlay\"><\/div><style>.tatsu-rkZ5L8yJWR .tatsu-section-offset-wrap{transform: translateY(-0px);}.tatsu-rkZ5L8yJWR > .tatsu-bottom-divider{z-index: 9999;}.tatsu-rkZ5L8yJWR > .tatsu-top-divider{z-index: 9999;}.tatsu-rkZ5L8yJWR .tatsu-section-overlay{mix-blend-mode: normal;}@media only screen and (max-width: 767px) {.tatsu-rkZ5L8yJWR .tatsu-section-pad{padding: 0px 0px 90px 0px;}}<\/style><\/div><div  class=\"tatsu-ryW50qOvZke tatsu-section  tatsu-bg-overlay   tatsu-clearfix\" data-title=\"\"  data-headerscheme=\"background--dark\"><div class='tatsu-section-pad clearfix' data-padding='{\"d\":\"90px 0px 90px 0px\"}' data-padding-top='90px'><div class=\"tatsu-row-wrap  tatsu-wrap tatsu-row-one-col tatsu-row-has-one-cols tatsu-medium-gutter tatsu-reg-cols  tatsu-clearfix tatsu-B1eqRcuwb1e\" ><div  class=\"tatsu-row \" ><div  class=\"tatsu-column  tatsu-bg-overlay tatsu-one-col tatsu-column-image-none tatsu-column-effect-none  tatsu-S1c05uwbke\"  data-parallax-speed=\"0\" style=\"\"><div class=\"tatsu-column-inner \" ><div class=\"tatsu-column-pad-wrap\"><div class=\"tatsu-column-pad\" ><div  class=\"tatsu-single-image tatsu-module tatsu-image-lazyload tatsu-external-image tatsu-SJvJj_wWJg  \" ><div class=\"tatsu-single-image-inner \" style=\"\" ><div class = \"tatsu-single-image-padding-wrap\" style = \"\" ><\/div><img class = \"tatsu-gradient-border\" data-src = \"https:\/\/hundefreunde-nwm.de\/wp-content\/uploads\/2024\/08\/Startseite-e1730805219243.jpg\" \/><\/div><style>.tatsu-SJvJj_wWJg .tatsu-single-image-inner{max-width: 100%;}.tatsu-SJvJj_wWJg.tatsu-single-image{transform: translate3d(0px,0px, 0);}<\/style><\/div><\/div><\/div><div class = \"tatsu-column-bg-image-wrap\"><div class = \"tatsu-column-bg-image\" ><\/div><\/div><div class=\"tatsu-overlay tatsu-column-overlay tatsu-animate-none\" ><\/div><\/div><style>.tatsu-row > .tatsu-S1c05uwbke.tatsu-column{width: 100%;}.tatsu-S1c05uwbke.tatsu-column > .tatsu-column-inner > .tatsu-column-overlay{mix-blend-mode: normal;}.tatsu-S1c05uwbke > .tatsu-column-inner > .tatsu-top-divider{z-index: 9999;}.tatsu-S1c05uwbke > .tatsu-column-inner > .tatsu-bottom-divider{z-index: 9999;}.tatsu-S1c05uwbke > .tatsu-column-inner > .tatsu-left-divider{z-index: 9999;}.tatsu-S1c05uwbke > .tatsu-column-inner > .tatsu-right-divider{z-index: 9999;}@media only screen and (max-width:1377px) {.tatsu-row > .tatsu-S1c05uwbke.tatsu-column{width: 100%;}}@media only screen and (min-width:768px) and (max-width: 1024px) {.tatsu-row > .tatsu-S1c05uwbke.tatsu-column{width: 100%;}}@media only screen and (max-width: 767px) {.tatsu-row > .tatsu-S1c05uwbke.tatsu-column{width: 100%;}}<\/style><\/div><\/div><\/div><\/div><div class=\"tatsu-section-background-wrap\"><div class = \"tatsu-section-background\" ><\/div><\/div><div class=\"tatsu-overlay tatsu-section-overlay\"><\/div><style>.tatsu-ryW50qOvZke.tatsu-section{background-color: rgba(166,183,119,1);}.tatsu-ryW50qOvZke .tatsu-section-pad{padding: 90px 0px 90px 0px;}.tatsu-ryW50qOvZke .tatsu-section-offset-wrap{transform: translateY(-0px);}.tatsu-ryW50qOvZke > .tatsu-bottom-divider{z-index: 9999;}.tatsu-ryW50qOvZke > .tatsu-top-divider{z-index: 9999;}.tatsu-ryW50qOvZke .tatsu-section-overlay{mix-blend-mode: normal;}<\/style><\/div><div  class=\"tatsu-SJZkzvvDWke tatsu-section  tatsu-bg-overlay   tatsu-clearfix\" data-title=\"\"  data-headerscheme=\"background--dark\"><div class='tatsu-section-pad clearfix' data-padding='{\"d\":\"67px 0px 71px 0px\"}' data-padding-top='67px'><div class=\"tatsu-row-wrap  tatsu-wrap tatsu-row-one-col tatsu-row-has-one-cols tatsu-medium-gutter tatsu-reg-cols  tatsu-clearfix tatsu-B1l1fwvD-yg\" ><div  class=\"tatsu-row \" ><div  class=\"tatsu-column  tatsu-bg-overlay tatsu-one-col tatsu-column-image-none tatsu-column-effect-none  tatsu-rkyGPwPbJg\"  data-parallax-speed=\"0\" style=\"\"><div class=\"tatsu-column-inner \" ><div class=\"tatsu-column-pad-wrap\"><div class=\"tatsu-column-pad\" ><div  class=\"tatsu-module tatsu-text-block-wrap tatsu-Bk4HvwvWyg  \"><div class=\"tatsu-text-inner tatsu-align-center  clearfix\" ><style>.tatsu-Bk4HvwvWyg.tatsu-text-block-wrap .tatsu-text-inner{width: 100%;text-align: left;}<\/style>\n<h4 style=\"text-align: center;\">Herzlich Willkommen bei den Hundefreunden Nord-West-M\u00fcnsterland.<\/h4>\n<\/div><\/div><div  class=\"tatsu-module tatsu-text-block-wrap tatsu-BJODPDPWye  \"><div class=\"tatsu-text-inner tatsu-align-center  clearfix\" ><style>.tatsu-BJODPDPWye.tatsu-text-block-wrap .tatsu-text-inner{width: 100%;text-align: left;}<\/style>\n<blockquote>\n<p>Unser Verein hat es sich zur Aufgabe gemacht, Menschen und Hunde durch den Alltag zu begleiten und bei Problemen zur Seite zu stehen.<br \/>Bei uns k\u00f6nnen Sie erfahren, wie Sie zu Ihrem Hund eine Bindung aufbauen, von der beide Seiten profitieren. Wir geben Hilfestellung zum beiderseitigen Verst\u00e4ndnis und helfen Ihnen auf dem Weg zum perfekten Mensch-Hund-Team.<\/p>\n<p>Bei uns sind alle Hundefreunde willkommen, Rasse und Herkunft der Hunde spielen keine Rolle. <br \/>Unser Ziel ist es, mit Gleichgesinnten gemeinsam die Zeit mit unseren Hunden zu verbringen.<\/p>\n<p>\u00dcber das Gehorsamstraining hinaus bieten wir viele andere sinnvolle Besch\u00e4ftigungsm\u00f6glichkeiten f\u00fcr Mensch und Hund an. Wir beraten Sie gerne, was f\u00fcr Sie und Ihren Hund aus unserem vielf\u00e4ltigen Angebot das Richtige ist. Dabei sind uns Quereinsteiger mit Ihren erwachsenen Hunden genauso willkommen wie frische Welpenbesitzer oder Besitzer von \u00e4lteren Hunden.<\/p>\n<\/blockquote>\n<\/div><\/div><\/div><\/div><div class = \"tatsu-column-bg-image-wrap\"><div class = \"tatsu-column-bg-image\" ><\/div><\/div><div class=\"tatsu-overlay tatsu-column-overlay tatsu-animate-none\" ><\/div><\/div><style>.tatsu-row > .tatsu-rkyGPwPbJg.tatsu-column{width: 100%;}.tatsu-rkyGPwPbJg.tatsu-column > .tatsu-column-inner > .tatsu-column-overlay{mix-blend-mode: normal;}.tatsu-rkyGPwPbJg > .tatsu-column-inner > .tatsu-top-divider{z-index: 9999;}.tatsu-rkyGPwPbJg > .tatsu-column-inner > .tatsu-bottom-divider{z-index: 9999;}.tatsu-rkyGPwPbJg > .tatsu-column-inner > .tatsu-left-divider{z-index: 9999;}.tatsu-rkyGPwPbJg > .tatsu-column-inner > .tatsu-right-divider{z-index: 9999;}@media only screen and (max-width:1377px) {.tatsu-row > .tatsu-rkyGPwPbJg.tatsu-column{width: 100%;}}@media only screen and (min-width:768px) and (max-width: 1024px) {.tatsu-row > .tatsu-rkyGPwPbJg.tatsu-column{width: 100%;}}@media only screen and (max-width: 767px) {.tatsu-row > .tatsu-rkyGPwPbJg.tatsu-column{width: 100%;}}<\/style><\/div><\/div><\/div><\/div><div class=\"tatsu-section-background-wrap\"><div class = \"tatsu-section-background\" ><\/div><\/div><div class=\"tatsu-overlay tatsu-section-overlay\"><\/div><style>.tatsu-SJZkzvvDWke .tatsu-section-pad{padding: 67px 0px 71px 0px;}.tatsu-SJZkzvvDWke .tatsu-section-offset-wrap{transform: translateY(-0px);}.tatsu-SJZkzvvDWke > .tatsu-bottom-divider{z-index: 9999;}.tatsu-SJZkzvvDWke > .tatsu-top-divider{z-index: 9999;}.tatsu-SJZkzvvDWke .tatsu-section-overlay{mix-blend-mode: normal;}<\/style><\/div><div  class=\"tatsu-S1He2Kq1ex tatsu-section  tatsu-bg-overlay   tatsu-clearfix\" data-title=\"\"  data-headerscheme=\"background--dark\"><div class='tatsu-section-pad clearfix' data-padding='{\"d\":\"0px 0px 0px 0px\"}' data-padding-top='0px'><div class=\"tatsu-row-wrap  tatsu-wrap tatsu-row-has-one-half tatsu-row-has-two-cols tatsu-medium-gutter tatsu-reg-cols  tatsu-clearfix tatsu-HylSe3F5yee\" ><div  class=\"tatsu-row \" ><div  class=\"tatsu-column  tatsu-bg-overlay tatsu-one-half tatsu-column-image-none tatsu-column-effect-none  tatsu-H1WSenF5yel\"  data-parallax-speed=\"0\" style=\"\"><div class=\"tatsu-column-inner \" ><div class=\"tatsu-column-pad-wrap\"><div class=\"tatsu-column-pad\" ><div  class=\"tatsu-module tatsu-inline-text clearfix tatsu-SySe6Fqkeg   \" ><style>.tatsu-SySe6Fqkeg .tatsu-inline-text-inner{width: 100%;text-align: left;}@media only screen and (max-width: 767px) {.tatsu-SySe6Fqkeg .tatsu-inline-text-inner{width: 100%;}}<\/style><div class=\"tatsu-inline-text-inner tatsu-align-center\">\n<h5 data-start=\"514\" data-end=\"585\"><span style=\"color: #ffffff;\">Aktuelles:&nbsp;<\/span><\/h5>\n<ul>\n<li>\n<h5><span style=\"color: #fdfdfd;\">Der Vereinsshop ist online.&nbsp;<\/span><\/h5>\n<\/li>\n<li>\n<h5><span style=\"color: #fdfdfd;\">Es gibt noch freie Pl&auml;tze f&uuml;r den Kurs &#8222;Spielen mit dem Hund&#8220; .<\/span><\/h5>\n<\/li>\n<\/ul>\n<h5>&nbsp;<\/h5>\n<\/div><\/div><\/div><\/div><div class = \"tatsu-column-bg-image-wrap\"><div class = \"tatsu-column-bg-image\" ><\/div><\/div><div class=\"tatsu-overlay tatsu-column-overlay tatsu-animate-none\" ><\/div><\/div><style>.tatsu-row > .tatsu-H1WSenF5yel.tatsu-column{width: 55.46%;}.tatsu-H1WSenF5yel.tatsu-column > .tatsu-column-inner > .tatsu-column-overlay{mix-blend-mode: normal;}.tatsu-H1WSenF5yel > .tatsu-column-inner > .tatsu-top-divider{z-index: 9999;}.tatsu-H1WSenF5yel > .tatsu-column-inner > .tatsu-bottom-divider{z-index: 9999;}.tatsu-H1WSenF5yel > .tatsu-column-inner > .tatsu-left-divider{z-index: 9999;}.tatsu-H1WSenF5yel > .tatsu-column-inner > .tatsu-right-divider{z-index: 9999;}@media only screen and (max-width:1377px) {.tatsu-row > .tatsu-H1WSenF5yel.tatsu-column{width: 50%;}}@media only screen and (min-width:768px) and (max-width: 1024px) {.tatsu-row > .tatsu-H1WSenF5yel.tatsu-column{width: 50%;}}@media only screen and (max-width: 767px) {.tatsu-row > .tatsu-H1WSenF5yel.tatsu-column{width: 100%;}}<\/style><\/div><div  class=\"tatsu-column  tatsu-bg-overlay tatsu-one-half tatsu-column-image-none tatsu-column-effect-none  tatsu-BJgM-hY9ygl\"  data-parallax-speed=\"0\" style=\"\"><div class=\"tatsu-column-inner \" ><div class=\"tatsu-column-pad-wrap\"><div class=\"tatsu-column-pad\" ><div  class=\"tatsu-single-image tatsu-module tatsu-image-lazyload tatsu-external-image tatsu-By8epAS7xe  \" ><div class=\"tatsu-single-image-inner \" style=\"\" ><div class = \"tatsu-single-image-padding-wrap\" style = \"\" ><\/div><img class = \"tatsu-gradient-border\" data-src = \"https:\/\/hundefreunde-nwm.de\/wp-content\/uploads\/2025\/03\/IMG_9891-scaled.jpg\" \/><\/div><style>.tatsu-By8epAS7xe .tatsu-single-image-inner{max-width: 100%;}.tatsu-By8epAS7xe.tatsu-single-image{transform: translate3d(0px,0px, 0);}<\/style><\/div><\/div><\/div><div class = \"tatsu-column-bg-image-wrap\"><div class = \"tatsu-column-bg-image\" ><\/div><\/div><div class=\"tatsu-overlay tatsu-column-overlay tatsu-animate-none\" ><\/div><\/div><style>.tatsu-row > .tatsu-BJgM-hY9ygl.tatsu-column{width: 44.54%;}.tatsu-BJgM-hY9ygl.tatsu-column > .tatsu-column-inner > .tatsu-column-overlay{mix-blend-mode: normal;}.tatsu-BJgM-hY9ygl > .tatsu-column-inner > .tatsu-top-divider{z-index: 9999;}.tatsu-BJgM-hY9ygl > .tatsu-column-inner > .tatsu-bottom-divider{z-index: 9999;}.tatsu-BJgM-hY9ygl > .tatsu-column-inner > .tatsu-left-divider{z-index: 9999;}.tatsu-BJgM-hY9ygl > .tatsu-column-inner > .tatsu-right-divider{z-index: 9999;}@media only screen and (max-width:1377px) {.tatsu-row > .tatsu-BJgM-hY9ygl.tatsu-column{width: 50%;}}@media only screen and (min-width:768px) and (max-width: 1024px) {.tatsu-row > .tatsu-BJgM-hY9ygl.tatsu-column{width: 50%;}}@media only screen and (max-width: 767px) {.tatsu-row > .tatsu-BJgM-hY9ygl.tatsu-column{width: 100%;}}<\/style><\/div><\/div><\/div><\/div><div class=\"tatsu-section-background-wrap\"><div class = \"tatsu-section-background\" ><\/div><\/div><div class=\"tatsu-overlay tatsu-section-overlay\"><\/div><style>.tatsu-S1He2Kq1ex.tatsu-section{background-color: rgba(166,183,119,1);}.tatsu-S1He2Kq1ex .tatsu-section-offset-wrap{transform: translateY(-0px);}.tatsu-S1He2Kq1ex > .tatsu-bottom-divider{z-index: 9999;}.tatsu-S1He2Kq1ex > .tatsu-top-divider{z-index: 9999;}.tatsu-S1He2Kq1ex .tatsu-section-overlay{mix-blend-mode: normal;}<\/style><\/div><div  class=\"tatsu-rkrds_vZ1l tatsu-section    tatsu-clearfix\" data-title=\"\"  data-headerscheme=\"background--dark\"><div class='tatsu-section-pad clearfix' data-padding='{\"d\":\"41px 0px 86px 0px\"}' data-padding-top='41px'><div class=\"tatsu-row-wrap  tatsu-wrap tatsu-row-has-three-cols tatsu-medium-gutter tatsu-reg-cols  tatsu-clearfix tatsu-HkgBuiuwbke\" ><div  class=\"tatsu-row \" ><div  class=\"tatsu-column  tatsu-column-no-bg tatsu-one-third tatsu-column-image-none tatsu-column-effect-none  tatsu-BJ-HOodw-kg\"  data-parallax-speed=\"0\" style=\"\"><div class=\"tatsu-column-inner \" ><div class=\"tatsu-column-pad-wrap\"><div class=\"tatsu-column-pad\" ><div  class=\"tatsu-module tatsu-normal-icon tatsu-icon-shortcode align-center tatsu-B1MHOsuPW1g   \"><style>.tatsu-B1MHOsuPW1g .tatsu-icon{color: rgba(166,183,119,1) ;}.tatsu-B1MHOsuPW1g{border-width: 0px 0px 0px 0px;}<\/style><a href=\"http:\/\/hundefreunde-nwm.de\/?page_id=3838\" class=\"tatsu-icon-wrap plain  tatsu-animate    \" data-animation=\"fadeInDown\"   aria-label=\"icon-megaphone2\" data-gdpr-atts={} ><i class=\"tatsu-icon tatsu-custom-icon tatsu-custom-icon-class icon-megaphone2 large plain\"><\/i><\/a><\/div><div  class=\"tatsu-module tatsu-inline-text clearfix tatsu-By7S_jdP-yl   \" ><style>.tatsu-By7S_jdP-yl .tatsu-inline-text-inner{width: 100%;text-align: left;}.tatsu-By7S_jdP-yl.tatsu-inline-text{margin: 0px 0px 0px 0px;}<\/style><div class=\"tatsu-inline-text-inner tatsu-align-center\">\n<h6 style=\"text-align: center;\">Aktuelles<\/h6>\n<p style=\"text-align: center;\">Aktuelle Berichte, Fotos und Einblicke aus unserem Vereinsleben finden Sie hier.<\/p>\n<p style=\"text-align: center;\">\u00a0<\/p>\n<\/div><\/div><\/div><\/div><div class = \"tatsu-column-bg-image-wrap\"><div class = \"tatsu-column-bg-image\" ><\/div><\/div><\/div><style>.tatsu-row > .tatsu-BJ-HOodw-kg.tatsu-column{width: 33.33%;}.tatsu-BJ-HOodw-kg.tatsu-column > .tatsu-column-inner > .tatsu-column-overlay{mix-blend-mode: none;}.tatsu-BJ-HOodw-kg > .tatsu-column-inner > .tatsu-top-divider{z-index: 9999;}.tatsu-BJ-HOodw-kg > .tatsu-column-inner > .tatsu-bottom-divider{z-index: 9999;}.tatsu-BJ-HOodw-kg > .tatsu-column-inner > .tatsu-left-divider{z-index: 9999;}.tatsu-BJ-HOodw-kg > .tatsu-column-inner > .tatsu-right-divider{z-index: 9999;}@media only screen and (max-width: 767px) {.tatsu-row > .tatsu-BJ-HOodw-kg.tatsu-column{width: 100%;}}<\/style><\/div><div  class=\"tatsu-column  tatsu-column-no-bg tatsu-one-third tatsu-column-image-none tatsu-column-effect-none  tatsu-HJEH_idwZkl\"  data-parallax-speed=\"0\" style=\"\"><div class=\"tatsu-column-inner \" ><div class=\"tatsu-column-pad-wrap\"><div class=\"tatsu-column-pad\" ><div  class=\"tatsu-module tatsu-normal-icon tatsu-icon-shortcode align-center tatsu-HySr_iuv-Jl   \"><style>.tatsu-HySr_iuv-Jl .tatsu-icon{color: rgba(166,183,119,1) ;}.tatsu-HySr_iuv-Jl{border-width: 0px 0px 0px 0px;}<\/style><a href=\"http:\/\/hundefreunde-nwm.de\/?page_id=3809\" class=\"tatsu-icon-wrap plain  tatsu-animate    \" data-animation=\"fadeInDown\"   aria-label=\"icon-info\" data-gdpr-atts={} ><i class=\"tatsu-icon tatsu-custom-icon tatsu-custom-icon-class icon-info large plain\"><\/i><\/a><\/div><div  class=\"tatsu-module tatsu-inline-text clearfix tatsu-S18rOiOwbyg   \" ><style>.tatsu-S18rOiOwbyg .tatsu-inline-text-inner{width: 100%;text-align: left;}.tatsu-S18rOiOwbyg.tatsu-inline-text{margin: 0px 0px 0px 0px;}<\/style><div class=\"tatsu-inline-text-inner tatsu-align-center\">\n<h6 style=\"text-align: center;\">Informationen<\/h6>\n<p style=\"text-align: center;\">Hier finden Sie einen \u00dcberblick \u00fcber die Angebote des Vereins,<\/p>\n<\/div><\/div><\/div><\/div><div class = \"tatsu-column-bg-image-wrap\"><div class = \"tatsu-column-bg-image\" ><\/div><\/div><\/div><style>.tatsu-row > .tatsu-HJEH_idwZkl.tatsu-column{width: 33.33%;}.tatsu-HJEH_idwZkl.tatsu-column > .tatsu-column-inner > .tatsu-column-overlay{mix-blend-mode: none;}.tatsu-HJEH_idwZkl > .tatsu-column-inner > .tatsu-top-divider{z-index: 9999;}.tatsu-HJEH_idwZkl > .tatsu-column-inner > .tatsu-bottom-divider{z-index: 9999;}.tatsu-HJEH_idwZkl > .tatsu-column-inner > .tatsu-left-divider{z-index: 9999;}.tatsu-HJEH_idwZkl > .tatsu-column-inner > .tatsu-right-divider{z-index: 9999;}@media only screen and (max-width: 767px) {.tatsu-row > .tatsu-HJEH_idwZkl.tatsu-column{width: 100%;}}<\/style><\/div><div  class=\"tatsu-column  tatsu-column-no-bg tatsu-one-third tatsu-column-image-none tatsu-column-effect-none  tatsu-B1PHdidPbkl\"  data-parallax-speed=\"0\" style=\"\"><div class=\"tatsu-column-inner \" ><div class=\"tatsu-column-pad-wrap\"><div class=\"tatsu-column-pad\" ><div  class=\"tatsu-module tatsu-normal-icon tatsu-icon-shortcode align-center tatsu-r1dBOs_vWyl   \"><style>.tatsu-r1dBOs_vWyl .tatsu-icon{color: rgba(166,183,119,1) ;}.tatsu-r1dBOs_vWyl{border-width: 0px 0px 0px 0px;}<\/style><a href=\"#\" class=\"tatsu-icon-wrap plain  tatsu-animate    \" data-animation=\"fadeInDown\"   aria-label=\"icon-envelope\" data-gdpr-atts={} ><i class=\"tatsu-icon tatsu-custom-icon tatsu-custom-icon-class icon-envelope large plain\"><\/i><\/a><\/div><div  class=\"tatsu-module tatsu-inline-text clearfix tatsu-S1FHuodwWkx   \" ><style>.tatsu-S1FHuodwWkx .tatsu-inline-text-inner{width: 100%;text-align: left;}.tatsu-S1FHuodwWkx.tatsu-inline-text{margin: 0px 0px 0px 0px;}<\/style><div class=\"tatsu-inline-text-inner tatsu-align-center\">\n<h6 style=\"text-align: center;\">Kontakt<\/h6>\n<p style=\"text-align: center;\">Bei Fragen oder Interesse melden Sie sich gerne unter vorstand@hundefreunde-nwm.de<\/p>\n<\/div><\/div><\/div><\/div><div class = \"tatsu-column-bg-image-wrap\"><div class = \"tatsu-column-bg-image\" ><\/div><\/div><\/div><style>.tatsu-row > .tatsu-B1PHdidPbkl.tatsu-column{width: 33.33%;}.tatsu-B1PHdidPbkl.tatsu-column > .tatsu-column-inner > .tatsu-column-overlay{mix-blend-mode: none;}.tatsu-B1PHdidPbkl > .tatsu-column-inner > .tatsu-top-divider{z-index: 9999;}.tatsu-B1PHdidPbkl > .tatsu-column-inner > .tatsu-bottom-divider{z-index: 9999;}.tatsu-B1PHdidPbkl > .tatsu-column-inner > .tatsu-left-divider{z-index: 9999;}.tatsu-B1PHdidPbkl > .tatsu-column-inner > .tatsu-right-divider{z-index: 9999;}@media only screen and (max-width: 767px) {.tatsu-row > .tatsu-B1PHdidPbkl.tatsu-column{width: 100%;}}<\/style><\/div><\/div><\/div><\/div><div class=\"tatsu-section-background-wrap\"><div class = \"tatsu-section-background\" ><\/div><\/div><style>.tatsu-rkrds_vZ1l .tatsu-section-pad{padding: 41px 0px 86px 0px;}.tatsu-rkrds_vZ1l > .tatsu-bottom-divider{z-index: 9999;}.tatsu-rkrds_vZ1l > .tatsu-top-divider{z-index: 9999;}<\/style><\/div><div  class=\"tatsu-rkVk-E6WN tatsu-section    tatsu-clearfix\" data-title=\"\"  data-headerscheme=\"background--dark\"><div class='tatsu-section-pad clearfix' data-padding='{\"d\":\"0px 0px 0px 0px \"}' data-padding-top='0px'><div class=\"tatsu-row-wrap  tatsu-row-full-width tatsu-row-has-one-half tatsu-row-has-two-cols tatsu-no-gutter tatsu-eq-cols  tatsu-clearfix tatsu-H1xNyb46ZE\" ><div  class=\"tatsu-row \" ><div  class=\"tatsu-column  tatsu-column-empty tatsu-one-half tatsu-column-align-middle tatsu-column-image-none tatsu-column-effect-none  tatsu-B1bVJbN6WN\"  data-parallax-speed=\"0\" style=\"\"><div class=\"tatsu-column-inner \" ><div class=\"tatsu-column-pad-wrap\"><div class=\"tatsu-column-pad\" ><\/div><\/div><div class = \"tatsu-column-bg-image-wrap\"><div class = \"tatsu-column-bg-image\" ><\/div><\/div><\/div><style>.tatsu-row > .tatsu-B1bVJbN6WN.tatsu-column{width: 50%;}.tatsu-B1bVJbN6WN.tatsu-column > .tatsu-column-inner > .tatsu-column-bg-image-wrap > .tatsu-column-bg-image{background-image: url(http:\/\/hundefreunde-nwm.de\/wp-content\/uploads\/2023\/10\/HundefreundeNWMShooting-118-scaled.jpg);background-repeat: no-repeat;background-attachment: scroll;background-position: center center;background-size: cover;}.tatsu-B1bVJbN6WN.tatsu-column > .tatsu-column-inner > .tatsu-bg-blur{background-repeat: no-repeat;background-attachment: scroll;background-position: center center;background-size: cover;}.tatsu-B1bVJbN6WN.tatsu-column > .tatsu-column-inner > .tatsu-column-overlay{mix-blend-mode: none;}.tatsu-B1bVJbN6WN > .tatsu-column-inner > .tatsu-top-divider{z-index: 9999;}.tatsu-B1bVJbN6WN > .tatsu-column-inner > .tatsu-bottom-divider{z-index: 9999;}.tatsu-B1bVJbN6WN > .tatsu-column-inner > .tatsu-left-divider{z-index: 9999;}.tatsu-B1bVJbN6WN > .tatsu-column-inner > .tatsu-right-divider{z-index: 9999;}@media only screen and (max-width: 767px) {.tatsu-row > .tatsu-B1bVJbN6WN.tatsu-column{width: 100%;}}<\/style><\/div><div  class=\"tatsu-column  tatsu-one-half tatsu-column-align-middle tatsu-column-image-none tatsu-column-effect-none  tatsu-Syf4yb4pZE\"  data-parallax-speed=\"0\" style=\"\"><div class=\"tatsu-column-inner \" ><div class=\"tatsu-column-pad-wrap\"><div class=\"tatsu-column-pad\" ><div  class=\"tatsu-module tatsu-inline-text clearfix tatsu-SyQVJ-V6ZV   \" ><style>.tatsu-SyQVJ-V6ZV .tatsu-inline-text-inner{width: 100%;text-align: left;}<\/style><div class=\"tatsu-inline-text-inner tatsu-align-center\">\n<h2 style=\"text-align: center;\">Trainingszeiten<\/h2>\n<h4 style=\"text-align: center;\">Samstag<\/h4>\n<h5 style=\"text-align: center;\">14:30 &#8211; 15:30 Junghundgruppe<\/h5>\n<p style=\"font-size: 16px; text-align: center;\"><span style=\"color: #ffffff;\">Training f\u00fcr Hunde ab ca. 6 bis 15 Monaten.<\/span><\/p>\n<h5 style=\"text-align: center;\">14:30 &#8211; 15:30 Begleithundetraining f\u00fcr erwachsene Hunde<\/h5>\n<p style=\"font-size: 16px; text-align: center;\"><span style=\"color: #ffffff;\">Die Teilnehmer werden in verschiedene Gruppen aufgeteilt.<\/span><\/p>\n<\/div><\/div><div  class=\"tatsu-module tatsu-divider-wrap  tatsu-HyGm9OUM4   \"  ><style>.tatsu-HyGm9OUM4 .tatsu-divider{height: 1px;width: 100%;background: #888888;}.tatsu-HyGm9OUM4.tatsu-divider-wrap{text-align: left;}<\/style><hr class=\"tatsu-divider\"\/><\/div><div  class=\"tatsu-module tatsu-inline-text clearfix tatsu-SJu7c_IME   \" ><style>.tatsu-SJu7c_IME .tatsu-inline-text-inner{width: 100%;text-align: left;}<\/style><div class=\"tatsu-inline-text-inner tatsu-align-center\">\n<h4 style=\"text-align: center;\">Sonntag<\/h4>\n<h5 style=\"text-align: center;\">08:00 &#8211; 10:00 F\u00e4hrtenausbildung<\/h5>\n<p style=\"text-align: center; font-size: 16px;\"><span style=\"color: #ffffff;\">Training des Dauerkurses, Anf\u00e4nger- und Aufbaukurs zeitweise nach Absprache<\/span><\/p>\n<h5 style=\"text-align: center;\">10:30 &#8211; 11:30 Allgemeines Training<\/h5>\n<p style=\"text-align: center; font-size: 16px;\"><span style=\"color: #ffffff;\">Training f\u00fcr Alle, vom Junghund bis Senior. Die Teilnehmer werden in verschiedene Gruppen aufgeteilt.<\/span><\/p>\n<h5 style=\"text-align: center;\">10:30 &#8211; 11:30 Welpengruppe<\/h5>\n<p style=\"text-align: center; font-size: 16px;\"><span style=\"color: #ffffff;\">Welpen im Alter ab 8 Wochen<\/span><\/p>\n<p style=\"text-align: center; font-size: 16px;\"><span style=\"color: #ffffff;\">Zahlung am Platz bargeldlos m\u00f6glich!<\/span><\/p>\n<\/div><\/div><div  class=\"tatsu-module tatsu-divider-wrap  tatsu-rkm25bneR   \"  ><style>.tatsu-rkm25bneR .tatsu-divider{height: 1px;width: 100%;background: #888888;}.tatsu-rkm25bneR.tatsu-divider-wrap{text-align: left;}<\/style><hr class=\"tatsu-divider\"\/><\/div><div  class=\"tatsu-module tatsu-text-block-wrap tatsu-S1rA9Whg0  \"><div class=\"tatsu-text-inner tatsu-align-center  clearfix\" ><style>.tatsu-S1rA9Whg0.tatsu-text-block-wrap .tatsu-text-inner{width: 100%;text-align: left;}<\/style>\n<h4 style=\"text-align: center;\">Mittwoch<\/h4>\n<h5 style=\"text-align: center;\">16:30 &#8211; 17:30 Welpengruppe<br \/>( jede 2. Woche)<\/h5>\n<p style=\"text-align: center;\">Welpen im Alter ab 8 Wochen<\/p>\n<\/div><\/div><\/div><\/div><div class = \"tatsu-column-bg-image-wrap\"><div class = \"tatsu-column-bg-image\" ><\/div><\/div><\/div><style>.tatsu-row > .tatsu-Syf4yb4pZE.tatsu-column{width: 50%;}.tatsu-Syf4yb4pZE.tatsu-column > .tatsu-column-inner{background-color: rgba(166,183,119,1);}.tatsu-Syf4yb4pZE.tatsu-column > .tatsu-column-inner > .tatsu-column-pad-wrap > .tatsu-column-pad{padding: 90px 20% 90px 10% ;}.tatsu-Syf4yb4pZE.tatsu-column > .tatsu-column-inner > .tatsu-column-overlay{mix-blend-mode: none;}.tatsu-Syf4yb4pZE > .tatsu-column-inner > .tatsu-top-divider{z-index: 9999;}.tatsu-Syf4yb4pZE > .tatsu-column-inner > .tatsu-bottom-divider{z-index: 9999;}.tatsu-Syf4yb4pZE > .tatsu-column-inner > .tatsu-left-divider{z-index: 9999;}.tatsu-Syf4yb4pZE > .tatsu-column-inner > .tatsu-right-divider{z-index: 9999;}@media only screen and (max-width: 767px) {.tatsu-row > .tatsu-Syf4yb4pZE.tatsu-column{width: 100%;}}<\/style><\/div><\/div><\/div><\/div><div class=\"tatsu-section-background-wrap\"><div class = \"tatsu-section-background\" ><\/div><\/div><style>.tatsu-rkVk-E6WN > .tatsu-bottom-divider{z-index: 9999;}.tatsu-rkVk-E6WN > .tatsu-top-divider{z-index: 9999;}<\/style><\/div>\n","protected":false},"excerpt":{"rendered":"<p><a href=\"https:\/\/hundefreunde-nwm.de\/\" class=\"more-link style1-button\">Weiterlesen<\/a><\/p>","protected":false},"author":3,"featured_media":0,"parent":0,"menu_order":0,"comment_status":"closed","ping_status":"closed","template":"","meta":[],"_links":{"self":[{"href":"https:\/\/hundefreunde-nwm.de\/index.php?rest_route=\/wp\/v2\/pages\/3818"}],"collection":[{"href":"https:\/\/hundefreunde-nwm.de\/index.php?rest_route=\/wp\/v2\/pages"}],"about":[{"href":"https:\/\/hundefreunde-nwm.de\/index.php?rest_route=\/wp\/v2\/types\/page"}],"author":[{"embeddable":true,"href":"https:\/\/hundefreunde-nwm.de\/index.php?rest_route=\/wp\/v2\/users\/3"}],"replies":[{"embeddable":true,"href":"https:\/\/hundefreunde-nwm.de\/index.php?rest_route=%2Fwp%2Fv2%2Fcomments&post=3818"}],"version-history":[{"count":427,"href":"https:\/\/hundefreunde-nwm.de\/index.php?rest_route=\/wp\/v2\/pages\/3818\/revisions"}],"predecessor-version":[{"id":6767,"href":"https:\/\/hundefreunde-nwm.de\/index.php?rest_route=\/wp\/v2\/pages\/3818\/revisions\/6767"}],"wp:attachment":[{"href":"https:\/\/hundefreunde-nwm.de\/index.php?rest_route=%2Fwp%2Fv2%2Fmedia&parent=3818"}],"curies":[{"name":"wp","href":"https:\/\/api.w.org\/{rel}","templated":true}]}}